{"id":2164,"date":"2023-03-28T15:51:44","date_gmt":"2023-03-28T15:51:44","guid":{"rendered":"https:\/\/artwallpanel.com\/?post_type=product&#038;p=2164"},"modified":"2023-04-11T13:55:40","modified_gmt":"2023-04-11T13:55:40","slug":"dabigs-adas-panelis","status":"publish","type":"product","link":"https:\/\/artwallpanel.com\/lv\/products\/dabigs-adas-panelis\/","title":{"rendered":"Dab\u012bgs \u0101das panelis"},"content":{"rendered":"<p>Dab\u012bg\u0101 \u0101da, kas uzl\u012bm\u0113ts uz 6mm, 12mm vai 19 mm bieza MDF pane\u013ca, kr\u0101sots meln\u0101 kr\u0101s\u0101. Pieejamie izm\u0113ri &#8211; 300&#215;600, 200&#215;600, 200&#215;400, 200&#215;200, 130&#215;600, 20&#215;600 cm.<br \/>\nIesp\u0113jams pas\u016bt\u012bt izm\u0113rus piem\u0113rojot p\u0113c vajadz\u012bbas, ja minim\u0101lais pas\u016bt\u012bjums ir s\u0101kot no 5m2.<\/p>\n","protected":false},"excerpt":{"rendered":"<p>Dab\u012bg\u0101 \u0101da, kas uzl\u012bm\u0113ts uz 6mm, 12mm vai 19 mm bieza MDF pane\u013ca, kr\u0101sots meln\u0101 kr\u0101s\u0101. Pieejamie izm\u0113ri &#8211; 300&#215;600, 200&#215;600, 200&#215;400, 200&#215;200, 130&#215;600, 20&#215;600 cm. Iesp\u0113jams pas\u016bt\u012bt izm\u0113rus piem\u0113rojot p\u0113c vajadz\u012bbas, ja minim\u0101lais pas\u016bt\u012bjums ir s\u0101kot no 5m2.<\/p>\n","protected":false},"featured_media":2323,"comment_status":"closed","ping_status":"closed","template":"","meta":{"site-sidebar-layout":"default","site-content-layout":"default","ast-global-header-display":"","ast-main-header-display":"","ast-hfb-above-header-display":"","ast-hfb-below-header-display":"","ast-hfb-mobile-header-display":"","site-post-title":"","ast-breadcrumbs-content":"","ast-featured-img":"","footer-sml-layout":"","theme-transparent-header-meta":"default","adv-header-id-meta":"","stick-header-meta":"","header-above-stick-meta":"","header-main-stick-meta":"","header-below-stick-meta":""},"product_cat":[32],"product_tag":[],"yoast_head":"<!-- This site is optimized with the Yoast SEO plugin v20.2.1 - https:\/\/yoast.com\/wordpress\/plugins\/seo\/ -->\n<title>Dab\u012bgs \u0101das panelis - Artwallpanel.com<\/title>\n<meta name=\"robots\" content=\"index, follow, max-snippet:-1, max-image-preview:large, max-video-preview:-1\" \/>\n<link rel=\"canonical\" href=\"https:\/\/artwallpanel.com\/lv\/products\/dabigs-adas-panelis\/\" \/>\n<meta property=\"og:locale\" content=\"lv_LV\" \/>\n<meta property=\"og:type\" content=\"article\" \/>\n<meta property=\"og:title\" content=\"Dab\u012bgs \u0101das panelis\" \/>\n<meta property=\"og:description\" content=\"Dab\u012bg\u0101 \u0101da, kas uzl\u012bm\u0113ts uz 6mm, 12mm vai 19 mm bieza MDF pane\u013ca, kr\u0101sots meln\u0101 kr\u0101s\u0101. Pieejamie izm\u0113ri &#8211; 300&#215;600, 200&#215;600, 200&#215;400, 200&#215;200, 130&#215;600, 20&#215;600 cm. Iesp\u0113jams pas\u016bt\u012bt izm\u0113rus piem\u0113rojot p\u0113c vajadz\u012bbas, ja minim\u0101lais pas\u016bt\u012bjums ir s\u0101kot no 5m2.\" \/>\n<meta property=\"og:url\" content=\"https:\/\/artwallpanel.com\/lv\/products\/dabigs-adas-panelis\/\" \/>\n<meta property=\"og:site_name\" content=\"Artwallpanel.com\" \/>\n<meta property=\"article:modified_time\" content=\"2023-04-11T13:55:40+00:00\" \/>\n<meta property=\"og:image\" content=\"https:\/\/artwallpanel.com\/wp-content\/uploads\/2023\/03\/Dabigs-adas-panelis.jpg\" \/>\n\t<meta property=\"og:image:width\" content=\"300\" \/>\n\t<meta property=\"og:image:height\" content=\"447\" \/>\n\t<meta property=\"og:image:type\" content=\"image\/jpeg\" \/>\n<meta name=\"twitter:card\" content=\"summary_large_image\" \/>\n<meta name=\"twitter:label1\" content=\"Est. reading time\" \/>\n\t<meta name=\"twitter:data1\" content=\"1 min\u016bte\" \/>\n<script type=\"application\/ld+json\" class=\"yoast-schema-graph\">{\"@context\":\"https:\/\/schema.org\",\"@graph\":[{\"@type\":\"WebPage\",\"@id\":\"https:\/\/artwallpanel.com\/lv\/products\/dabigs-adas-panelis\/\",\"url\":\"https:\/\/artwallpanel.com\/lv\/products\/dabigs-adas-panelis\/\",\"name\":\"[:en]Natural leather panel[:lv]Dab\u012bgs \u0101das panelis[:] - Artwallpanel.com\",\"isPartOf\":{\"@id\":\"https:\/\/artwallpanel.com\/lv\/#website\"},\"datePublished\":\"2023-03-28T15:51:44+00:00\",\"dateModified\":\"2023-04-11T13:55:40+00:00\",\"breadcrumb\":{\"@id\":\"https:\/\/artwallpanel.com\/lv\/products\/dabigs-adas-panelis\/#breadcrumb\"},\"inLanguage\":\"lv\",\"potentialAction\":[{\"@type\":\"ReadAction\",\"target\":[\"https:\/\/artwallpanel.com\/lv\/products\/dabigs-adas-panelis\/\"]}]},{\"@type\":\"BreadcrumbList\",\"@id\":\"https:\/\/artwallpanel.com\/lv\/products\/dabigs-adas-panelis\/#breadcrumb\",\"itemListElement\":[{\"@type\":\"ListItem\",\"position\":1,\"name\":\"Home\",\"item\":\"https:\/\/artwallpanel.com\/lv\/sakums\/\"},{\"@type\":\"ListItem\",\"position\":2,\"name\":\"Produkti\",\"item\":\"https:\/\/artwallpanel.com\/lv\/produkti\/\"},{\"@type\":\"ListItem\",\"position\":3,\"name\":\"Dab\u012bgs \u0101das panelis\"}]},{\"@type\":\"WebSite\",\"@id\":\"https:\/\/artwallpanel.com\/lv\/#website\",\"url\":\"https:\/\/artwallpanel.com\/lv\/\",\"name\":\"Artwallpanel.com\",\"description\":\"\",\"publisher\":{\"@id\":\"https:\/\/artwallpanel.com\/lv\/#organization\"},\"potentialAction\":[{\"@type\":\"SearchAction\",\"target\":{\"@type\":\"EntryPoint\",\"urlTemplate\":\"https:\/\/artwallpanel.com\/lv\/?s={search_term_string}\"},\"query-input\":\"required name=search_term_string\"}],\"inLanguage\":\"lv\"},{\"@type\":\"Organization\",\"@id\":\"https:\/\/artwallpanel.com\/lv\/#organization\",\"name\":\"Artwallpanel.com\",\"url\":\"https:\/\/artwallpanel.com\/lv\/\",\"logo\":{\"@type\":\"ImageObject\",\"inLanguage\":\"lv\",\"@id\":\"https:\/\/artwallpanel.com\/lv\/#\/schema\/logo\/image\/\",\"url\":\"https:\/\/artwallpanel.com\/wp-content\/uploads\/2023\/04\/cropped-artwallpanel-logo.jpg\",\"contentUrl\":\"https:\/\/artwallpanel.com\/wp-content\/uploads\/2023\/04\/cropped-artwallpanel-logo.jpg\",\"width\":1125,\"height\":375,\"caption\":\"Artwallpanel.com\"},\"image\":{\"@id\":\"https:\/\/artwallpanel.com\/lv\/#\/schema\/logo\/image\/\"}}]}<\/script>\n<!-- \/ Yoast SEO plugin. -->","yoast_head_json":{"title":"Dab\u012bgs \u0101das panelis - Artwallpanel.com","robots":{"index":"index","follow":"follow","max-snippet":"max-snippet:-1","max-image-preview":"max-image-preview:large","max-video-preview":"max-video-preview:-1"},"canonical":"https:\/\/artwallpanel.com\/lv\/products\/dabigs-adas-panelis\/","og_locale":"lv_LV","og_type":"article","og_title":"[:en]Natural leather panel[:lv]Dab\u012bgs \u0101das panelis[:] - Artwallpanel.com","og_description":"Dab\u012bg\u0101 \u0101da, kas uzl\u012bm\u0113ts uz 6mm, 12mm vai 19 mm bieza MDF pane\u013ca, kr\u0101sots meln\u0101 kr\u0101s\u0101. Pieejamie izm\u0113ri &#8211; 300&#215;600, 200&#215;600, 200&#215;400, 200&#215;200, 130&#215;600, 20&#215;600 cm. Iesp\u0113jams pas\u016bt\u012bt izm\u0113rus piem\u0113rojot p\u0113c vajadz\u012bbas, ja minim\u0101lais pas\u016bt\u012bjums ir s\u0101kot no 5m2.","og_url":"https:\/\/artwallpanel.com\/lv\/products\/dabigs-adas-panelis\/","og_site_name":"Artwallpanel.com","article_modified_time":"2023-04-11T13:55:40+00:00","og_image":[{"width":300,"height":447,"url":"https:\/\/artwallpanel.com\/wp-content\/uploads\/2023\/03\/Dabigs-adas-panelis.jpg","type":"image\/jpeg"}],"twitter_card":"summary_large_image","twitter_misc":{"Est. reading time":"1 min\u016bte"},"schema":{"@context":"https:\/\/schema.org","@graph":[{"@type":"WebPage","@id":"https:\/\/artwallpanel.com\/lv\/products\/dabigs-adas-panelis\/","url":"https:\/\/artwallpanel.com\/lv\/products\/dabigs-adas-panelis\/","name":"[:en]Natural leather panel[:lv]Dab\u012bgs \u0101das panelis[:] - Artwallpanel.com","isPartOf":{"@id":"https:\/\/artwallpanel.com\/lv\/#website"},"datePublished":"2023-03-28T15:51:44+00:00","dateModified":"2023-04-11T13:55:40+00:00","breadcrumb":{"@id":"https:\/\/artwallpanel.com\/lv\/products\/dabigs-adas-panelis\/#breadcrumb"},"inLanguage":"lv","potentialAction":[{"@type":"ReadAction","target":["https:\/\/artwallpanel.com\/lv\/products\/dabigs-adas-panelis\/"]}]},{"@type":"BreadcrumbList","@id":"https:\/\/artwallpanel.com\/lv\/products\/dabigs-adas-panelis\/#breadcrumb","itemListElement":[{"@type":"ListItem","position":1,"name":"Home","item":"https:\/\/artwallpanel.com\/lv\/sakums\/"},{"@type":"ListItem","position":2,"name":"Produkti","item":"https:\/\/artwallpanel.com\/lv\/produkti\/"},{"@type":"ListItem","position":3,"name":"Dab\u012bgs \u0101das panelis"}]},{"@type":"WebSite","@id":"https:\/\/artwallpanel.com\/lv\/#website","url":"https:\/\/artwallpanel.com\/lv\/","name":"Artwallpanel.com","description":"","publisher":{"@id":"https:\/\/artwallpanel.com\/lv\/#organization"},"potentialAction":[{"@type":"SearchAction","target":{"@type":"EntryPoint","urlTemplate":"https:\/\/artwallpanel.com\/lv\/?s={search_term_string}"},"query-input":"required name=search_term_string"}],"inLanguage":"lv"},{"@type":"Organization","@id":"https:\/\/artwallpanel.com\/lv\/#organization","name":"Artwallpanel.com","url":"https:\/\/artwallpanel.com\/lv\/","logo":{"@type":"ImageObject","inLanguage":"lv","@id":"https:\/\/artwallpanel.com\/lv\/#\/schema\/logo\/image\/","url":"https:\/\/artwallpanel.com\/wp-content\/uploads\/2023\/04\/cropped-artwallpanel-logo.jpg","contentUrl":"https:\/\/artwallpanel.com\/wp-content\/uploads\/2023\/04\/cropped-artwallpanel-logo.jpg","width":1125,"height":375,"caption":"Artwallpanel.com"},"image":{"@id":"https:\/\/artwallpanel.com\/lv\/#\/schema\/logo\/image\/"}}]}},"_links":{"self":[{"href":"https:\/\/artwallpanel.com\/lv\/wp-json\/wp\/v2\/product\/2164"}],"collection":[{"href":"https:\/\/artwallpanel.com\/lv\/wp-json\/wp\/v2\/product"}],"about":[{"href":"https:\/\/artwallpanel.com\/lv\/wp-json\/wp\/v2\/types\/product"}],"replies":[{"embeddable":true,"href":"https:\/\/artwallpanel.com\/lv\/wp-json\/wp\/v2\/comments?post=2164"}],"wp:featuredmedia":[{"embeddable":true,"href":"https:\/\/artwallpanel.com\/lv\/wp-json\/wp\/v2\/media\/2323"}],"wp:attachment":[{"href":"https:\/\/artwallpanel.com\/lv\/wp-json\/wp\/v2\/media?parent=2164"}],"wp:term":[{"taxonomy":"product_cat","embeddable":true,"href":"https:\/\/artwallpanel.com\/lv\/wp-json\/wp\/v2\/product_cat?post=2164"},{"taxonomy":"product_tag","embeddable":true,"href":"https:\/\/artwallpanel.com\/lv\/wp-json\/wp\/v2\/product_tag?post=2164"}],"curies":[{"name":"wp","href":"https:\/\/api.w.org\/{rel}","templated":true}]}}