{"id":2163,"date":"2023-03-28T15:51:44","date_gmt":"2023-03-28T15:51:44","guid":{"rendered":"https:\/\/artwallpanel.com\/?post_type=product&#038;p=2163"},"modified":"2023-04-11T13:42:34","modified_gmt":"2023-04-11T13:42:34","slug":"balta-priede","status":"publish","type":"product","link":"https:\/\/artwallpanel.com\/lv\/products\/balta-priede\/","title":{"rendered":"Balt\u0101 priede"},"content":{"rendered":"<p>Priedes mas\u012bvkoks, kas dedzin\u0101ts, vecin\u0101ts, pan\u0101kot izteiktu koka tekst\u016bru, ton\u0113ts ar baltu kr\u0101su.<br \/>\nPieejamie izm\u0113ri- 300&#215;600,200&#215;600,200&#215;400,200x200x130x600 cm. Biezums 20mm un 25mm.<br \/>\nIesp\u0113jams pas\u016bt\u012bt izm\u0113rus piem\u0113rojot p\u0113c vajadz\u012bbas, ja minim\u0101lais pas\u016bt\u012bjums ir s\u0101kot no 5m2.<\/p>\n","protected":false},"excerpt":{"rendered":"<p>Priedes mas\u012bvkoks, kas dedzin\u0101ts, vecin\u0101ts, pan\u0101kot izteiktu koka tekst\u016bru, ton\u0113ts ar baltu kr\u0101su. Pieejamie izm\u0113ri- 300&#215;600,200&#215;600,200&#215;400,200x200x130x600 cm. Biezums 20mm un 25mm. Iesp\u0113jams pas\u016bt\u012bt izm\u0113rus piem\u0113rojot p\u0113c vajadz\u012bbas, ja minim\u0101lais pas\u016bt\u012bjums ir s\u0101kot no 5m2.<\/p>\n","protected":false},"featured_media":2322,"comment_status":"closed","ping_status":"closed","template":"","meta":{"site-sidebar-layout":"default","site-content-layout":"default","ast-global-header-display":"","ast-main-header-display":"","ast-hfb-above-header-display":"","ast-hfb-below-header-display":"","ast-hfb-mobile-header-display":"","site-post-title":"","ast-breadcrumbs-content":"","ast-featured-img":"","footer-sml-layout":"","theme-transparent-header-meta":"default","adv-header-id-meta":"","stick-header-meta":"","header-above-stick-meta":"","header-main-stick-meta":"","header-below-stick-meta":""},"product_cat":[32],"product_tag":[],"yoast_head":"<!-- This site is optimized with the Yoast SEO plugin v20.2.1 - https:\/\/yoast.com\/wordpress\/plugins\/seo\/ -->\n<title>Balt\u0101 priede - Artwallpanel.com<\/title>\n<meta name=\"robots\" content=\"index, follow, max-snippet:-1, max-image-preview:large, max-video-preview:-1\" \/>\n<link rel=\"canonical\" href=\"https:\/\/artwallpanel.com\/lv\/products\/balta-priede\/\" \/>\n<meta property=\"og:locale\" content=\"lv_LV\" \/>\n<meta property=\"og:type\" content=\"article\" \/>\n<meta property=\"og:title\" content=\"Balt\u0101 priede\" \/>\n<meta property=\"og:description\" content=\"Priedes mas\u012bvkoks, kas dedzin\u0101ts, vecin\u0101ts, pan\u0101kot izteiktu koka tekst\u016bru, ton\u0113ts ar baltu kr\u0101su. Pieejamie izm\u0113ri- 300&#215;600,200&#215;600,200&#215;400,200x200x130x600 cm. Biezums 20mm un 25mm. Iesp\u0113jams pas\u016bt\u012bt izm\u0113rus piem\u0113rojot p\u0113c vajadz\u012bbas, ja minim\u0101lais pas\u016bt\u012bjums ir s\u0101kot no 5m2.\" \/>\n<meta property=\"og:url\" content=\"https:\/\/artwallpanel.com\/lv\/products\/balta-priede\/\" \/>\n<meta property=\"og:site_name\" content=\"Artwallpanel.com\" \/>\n<meta property=\"article:modified_time\" content=\"2023-04-11T13:42:34+00:00\" \/>\n<meta property=\"og:image\" content=\"https:\/\/artwallpanel.com\/wp-content\/uploads\/2023\/03\/Priedes-masivkoks-balts.jpg\" \/>\n\t<meta property=\"og:image:width\" content=\"300\" \/>\n\t<meta property=\"og:image:height\" content=\"447\" \/>\n\t<meta property=\"og:image:type\" content=\"image\/jpeg\" \/>\n<meta name=\"twitter:card\" content=\"summary_large_image\" \/>\n<meta name=\"twitter:label1\" content=\"Est. reading time\" \/>\n\t<meta name=\"twitter:data1\" content=\"1 min\u016bte\" \/>\n<script type=\"application\/ld+json\" class=\"yoast-schema-graph\">{\"@context\":\"https:\/\/schema.org\",\"@graph\":[{\"@type\":\"WebPage\",\"@id\":\"https:\/\/artwallpanel.com\/lv\/products\/balta-priede\/\",\"url\":\"https:\/\/artwallpanel.com\/lv\/products\/balta-priede\/\",\"name\":\"[:en]White pine[:lv]Balt\u0101 priede[:] - Artwallpanel.com\",\"isPartOf\":{\"@id\":\"https:\/\/artwallpanel.com\/lv\/#website\"},\"datePublished\":\"2023-03-28T15:51:44+00:00\",\"dateModified\":\"2023-04-11T13:42:34+00:00\",\"breadcrumb\":{\"@id\":\"https:\/\/artwallpanel.com\/lv\/products\/balta-priede\/#breadcrumb\"},\"inLanguage\":\"lv\",\"potentialAction\":[{\"@type\":\"ReadAction\",\"target\":[\"https:\/\/artwallpanel.com\/lv\/products\/balta-priede\/\"]}]},{\"@type\":\"BreadcrumbList\",\"@id\":\"https:\/\/artwallpanel.com\/lv\/products\/balta-priede\/#breadcrumb\",\"itemListElement\":[{\"@type\":\"ListItem\",\"position\":1,\"name\":\"Home\",\"item\":\"https:\/\/artwallpanel.com\/lv\/sakums\/\"},{\"@type\":\"ListItem\",\"position\":2,\"name\":\"Produkti\",\"item\":\"https:\/\/artwallpanel.com\/lv\/produkti\/\"},{\"@type\":\"ListItem\",\"position\":3,\"name\":\"Balt\u0101 priede\"}]},{\"@type\":\"WebSite\",\"@id\":\"https:\/\/artwallpanel.com\/lv\/#website\",\"url\":\"https:\/\/artwallpanel.com\/lv\/\",\"name\":\"Artwallpanel.com\",\"description\":\"\",\"publisher\":{\"@id\":\"https:\/\/artwallpanel.com\/lv\/#organization\"},\"potentialAction\":[{\"@type\":\"SearchAction\",\"target\":{\"@type\":\"EntryPoint\",\"urlTemplate\":\"https:\/\/artwallpanel.com\/lv\/?s={search_term_string}\"},\"query-input\":\"required name=search_term_string\"}],\"inLanguage\":\"lv\"},{\"@type\":\"Organization\",\"@id\":\"https:\/\/artwallpanel.com\/lv\/#organization\",\"name\":\"Artwallpanel.com\",\"url\":\"https:\/\/artwallpanel.com\/lv\/\",\"logo\":{\"@type\":\"ImageObject\",\"inLanguage\":\"lv\",\"@id\":\"https:\/\/artwallpanel.com\/lv\/#\/schema\/logo\/image\/\",\"url\":\"https:\/\/artwallpanel.com\/wp-content\/uploads\/2023\/04\/cropped-artwallpanel-logo.jpg\",\"contentUrl\":\"https:\/\/artwallpanel.com\/wp-content\/uploads\/2023\/04\/cropped-artwallpanel-logo.jpg\",\"width\":1125,\"height\":375,\"caption\":\"Artwallpanel.com\"},\"image\":{\"@id\":\"https:\/\/artwallpanel.com\/lv\/#\/schema\/logo\/image\/\"}}]}<\/script>\n<!-- \/ Yoast SEO plugin. -->","yoast_head_json":{"title":"Balt\u0101 priede - Artwallpanel.com","robots":{"index":"index","follow":"follow","max-snippet":"max-snippet:-1","max-image-preview":"max-image-preview:large","max-video-preview":"max-video-preview:-1"},"canonical":"https:\/\/artwallpanel.com\/lv\/products\/balta-priede\/","og_locale":"lv_LV","og_type":"article","og_title":"[:en]White pine[:lv]Balt\u0101 priede[:] - Artwallpanel.com","og_description":"Priedes mas\u012bvkoks, kas dedzin\u0101ts, vecin\u0101ts, pan\u0101kot izteiktu koka tekst\u016bru, ton\u0113ts ar baltu kr\u0101su. Pieejamie izm\u0113ri- 300&#215;600,200&#215;600,200&#215;400,200x200x130x600 cm. Biezums 20mm un 25mm. Iesp\u0113jams pas\u016bt\u012bt izm\u0113rus piem\u0113rojot p\u0113c vajadz\u012bbas, ja minim\u0101lais pas\u016bt\u012bjums ir s\u0101kot no 5m2.","og_url":"https:\/\/artwallpanel.com\/lv\/products\/balta-priede\/","og_site_name":"Artwallpanel.com","article_modified_time":"2023-04-11T13:42:34+00:00","og_image":[{"width":300,"height":447,"url":"https:\/\/artwallpanel.com\/wp-content\/uploads\/2023\/03\/Priedes-masivkoks-balts.jpg","type":"image\/jpeg"}],"twitter_card":"summary_large_image","twitter_misc":{"Est. reading time":"1 min\u016bte"},"schema":{"@context":"https:\/\/schema.org","@graph":[{"@type":"WebPage","@id":"https:\/\/artwallpanel.com\/lv\/products\/balta-priede\/","url":"https:\/\/artwallpanel.com\/lv\/products\/balta-priede\/","name":"[:en]White pine[:lv]Balt\u0101 priede[:] - Artwallpanel.com","isPartOf":{"@id":"https:\/\/artwallpanel.com\/lv\/#website"},"datePublished":"2023-03-28T15:51:44+00:00","dateModified":"2023-04-11T13:42:34+00:00","breadcrumb":{"@id":"https:\/\/artwallpanel.com\/lv\/products\/balta-priede\/#breadcrumb"},"inLanguage":"lv","potentialAction":[{"@type":"ReadAction","target":["https:\/\/artwallpanel.com\/lv\/products\/balta-priede\/"]}]},{"@type":"BreadcrumbList","@id":"https:\/\/artwallpanel.com\/lv\/products\/balta-priede\/#breadcrumb","itemListElement":[{"@type":"ListItem","position":1,"name":"Home","item":"https:\/\/artwallpanel.com\/lv\/sakums\/"},{"@type":"ListItem","position":2,"name":"Produkti","item":"https:\/\/artwallpanel.com\/lv\/produkti\/"},{"@type":"ListItem","position":3,"name":"Balt\u0101 priede"}]},{"@type":"WebSite","@id":"https:\/\/artwallpanel.com\/lv\/#website","url":"https:\/\/artwallpanel.com\/lv\/","name":"Artwallpanel.com","description":"","publisher":{"@id":"https:\/\/artwallpanel.com\/lv\/#organization"},"potentialAction":[{"@type":"SearchAction","target":{"@type":"EntryPoint","urlTemplate":"https:\/\/artwallpanel.com\/lv\/?s={search_term_string}"},"query-input":"required name=search_term_string"}],"inLanguage":"lv"},{"@type":"Organization","@id":"https:\/\/artwallpanel.com\/lv\/#organization","name":"Artwallpanel.com","url":"https:\/\/artwallpanel.com\/lv\/","logo":{"@type":"ImageObject","inLanguage":"lv","@id":"https:\/\/artwallpanel.com\/lv\/#\/schema\/logo\/image\/","url":"https:\/\/artwallpanel.com\/wp-content\/uploads\/2023\/04\/cropped-artwallpanel-logo.jpg","contentUrl":"https:\/\/artwallpanel.com\/wp-content\/uploads\/2023\/04\/cropped-artwallpanel-logo.jpg","width":1125,"height":375,"caption":"Artwallpanel.com"},"image":{"@id":"https:\/\/artwallpanel.com\/lv\/#\/schema\/logo\/image\/"}}]}},"_links":{"self":[{"href":"https:\/\/artwallpanel.com\/lv\/wp-json\/wp\/v2\/product\/2163"}],"collection":[{"href":"https:\/\/artwallpanel.com\/lv\/wp-json\/wp\/v2\/product"}],"about":[{"href":"https:\/\/artwallpanel.com\/lv\/wp-json\/wp\/v2\/types\/product"}],"replies":[{"embeddable":true,"href":"https:\/\/artwallpanel.com\/lv\/wp-json\/wp\/v2\/comments?post=2163"}],"wp:featuredmedia":[{"embeddable":true,"href":"https:\/\/artwallpanel.com\/lv\/wp-json\/wp\/v2\/media\/2322"}],"wp:attachment":[{"href":"https:\/\/artwallpanel.com\/lv\/wp-json\/wp\/v2\/media?parent=2163"}],"wp:term":[{"taxonomy":"product_cat","embeddable":true,"href":"https:\/\/artwallpanel.com\/lv\/wp-json\/wp\/v2\/product_cat?post=2163"},{"taxonomy":"product_tag","embeddable":true,"href":"https:\/\/artwallpanel.com\/lv\/wp-json\/wp\/v2\/product_tag?post=2163"}],"curies":[{"name":"wp","href":"https:\/\/api.w.org\/{rel}","templated":true}]}}