{"id":3202,"date":"2023-04-09T08:38:51","date_gmt":"2023-04-09T08:38:51","guid":{"rendered":"https:\/\/artwallpanel.com\/?page_id=3202"},"modified":"2023-04-09T08:55:21","modified_gmt":"2023-04-09T08:55:21","slug":"privatuma-politika","status":"publish","type":"page","link":"https:\/\/artwallpanel.com\/lv\/privatuma-politika\/","title":{"rendered":"Priv\u0101tuma politika"},"content":{"rendered":"\t\t<div data-elementor-type=\"wp-page\" data-elementor-id=\"3202\" class=\"elementor elementor-3202\">\n\t\t\t\t\t\t\t\t\t<section class=\"elementor-section elementor-top-section elementor-element elementor-element-29a521c3 elementor-section-boxed elementor-section-height-default elementor-section-height-default\" data-id=\"29a521c3\" data-element_type=\"section\">\n\t\t\t\t\t\t<div class=\"elementor-container elementor-column-gap-default\">\n\t\t\t\t\t<div class=\"elementor-column elementor-col-100 elementor-top-column elementor-element elementor-element-4c965ce\" data-id=\"4c965ce\" data-element_type=\"column\">\n\t\t\t<div class=\"elementor-widget-wrap elementor-element-populated\">\n\t\t\t\t\t\t\t\t<div class=\"elementor-element elementor-element-4e44baab elementor-widget elementor-widget-text-editor\" data-id=\"4e44baab\" data-element_type=\"widget\" data-widget_type=\"text-editor.default\">\n\t\t\t\t<div class=\"elementor-widget-container\">\n\t\t\t<style>\/*! elementor - v3.11.2 - 22-02-2023 *\/\n.elementor-widget-text-editor.elementor-drop-cap-view-stacked .elementor-drop-cap{background-color:#818a91;color:#fff}.elementor-widget-text-editor.elementor-drop-cap-view-framed .elementor-drop-cap{color:#818a91;border:3px solid;background-color:transparent}.elementor-widget-text-editor:not(.elementor-drop-cap-view-default) .elementor-drop-cap{margin-top:8px}.elementor-widget-text-editor:not(.elementor-drop-cap-view-default) .elementor-drop-cap-letter{width:1em;height:1em}.elementor-widget-text-editor .elementor-drop-cap{float:left;text-align:center;line-height:1;font-size:50px}.elementor-widget-text-editor .elementor-drop-cap-letter{display:inline-block}<\/style>\t\t\t\t<p><b>1. Ievads<\/b><br>SIA Eko wood, Reg.nr. 40203064646 ( turpm\u0101k \u2013 P\u0101rzinis), interneta vietn\u0113&nbsp; <a href=\"https:\/\/artwallpanel.com\" target=\"_blank\" rel=\"noopener\">www.artwallpanel.com<\/a> (turpm\u0101k \u2013 Vietne) veic t\u0101du personas datu apstr\u0101di, kuri ir ieg\u016bti no datu subjekta \u2013 Vietnes lietot\u0101ja (turpm\u0101k \u2013 Lietot\u0101js).<\/p>\n<p>P\u0101rzinis r\u016bp\u0113jas par Lietot\u0101ja priv\u0101tumu un personas datu aizsardz\u012bbu, iev\u0113ro Lietot\u0101ju ties\u012bbas uz personas datu apstr\u0101des likum\u012bbu saska\u0146\u0101 ar piem\u0113rojamajiem ties\u012bbu aktiem &#8211; Eiropas Parlamenta un padomes 2016. gada 27. apr\u012b\u013ca Regulu 2016\/679 par fizisku personu aizsardz\u012bbu attiec\u012bb\u0101 uz personas datu apstr\u0101di un \u0161\u0101du datu br\u012bvu apriti (Regula) un citiem piem\u0113rojamajiem ties\u012bbu aktiem priv\u0101tuma un datu apstr\u0101des jom\u0101.<\/p>\n<p>\u0145emot v\u0113r\u0101 min\u0113to, P\u0101rzinis ir izstr\u0101d\u0101jis \u0161o priv\u0101tuma politiku, ar m\u0113r\u0137i sniegt Lietot\u0101jam Regul\u0101 paredz\u0113to inform\u0101ciju.<br>Priv\u0101tuma politika ir attiecin\u0101ma uz datu apstr\u0101di neatkar\u012bgi no t\u0101, k\u0101d\u0101 form\u0101 vai vid\u0113 Lietot\u0101js sniedz personas datus (Vietn\u0113, pap\u012bra form\u0101t\u0101, kl\u0101tien\u0113, vai telefoniski).<\/p>\n<p>P\u0101rzinis patur ties\u012bbas jebkur\u0101 br\u012bd\u012b main\u012bt \u0161os noteikumus. Vietnes apmekl\u0113t\u0101ja pien\u0101kums ir patst\u0101v\u012bgi p\u0101rbaud\u012bt Vietnes saturu, lai iepaz\u012btos ar aktu\u0101lajiem noteikumu izmai\u0146\u0101m.<\/p>\n<p><b>2. Personas datu apstr\u0101des nol\u016bki<\/b><br>Ja Lietot\u0101js P\u0101rzinim iesniedz savus personu datus, telefoniski, izmantojot Vietnes kontaktformas m\u0101jas lap\u0101, e-pastu vai cita veida pastu, m\u0113s saglab\u0101jam un izmantojam \u0161o inform\u0101ciju, lai izpild\u012btu vai nosl\u0113gtu attiec\u012bgu pakalpojumu snieg\u0161anas l\u012bgumu vai pas\u016bt\u012bjumu, tai skait\u0101, klienta identific\u0113\u0161anai; pakalpojumu snieg\u0161anai; klientu apkalpo\u0161anai; iebildumu izskat\u012b\u0161anai un apstr\u0101dei; klientu lojalit\u0101tes cel\u0161anai; maks\u0101jumu un nor\u0113\u0137inu administr\u0113\u0161anai; par\u0101du atg\u016b\u0161anai un piedzi\u0146ai; faktu pier\u0101d\u012b\u0161anai, m\u0101jaslapas uztur\u0113\u0161anai un darb\u012bbas uzlabo\u0161anai; biznesa pl\u0101no\u0161anai un anal\u012btikai; pl\u0101no\u0161anai un uzskaitei. T\u0101pat, m\u0113s \u0161os datus apstr\u0101d\u0101sim inform\u0101cijas snieg\u0161anai valsts p\u0101rvaldes iest\u0101d\u0113m un operat\u012bv\u0101s darb\u012bbas subjektiem \u0101r\u0113jos normat\u012bvajos aktos noteiktajos gad\u012bjumos un apjom\u0101.<br>Datu apstr\u0101des tiesiskais pamati ir l\u012bguma nosl\u0113g\u0161anai un izpildei, normat\u012bvo aktu izpildei, saska\u0146\u0101 ar Klienta &#8211; datu subjekta piekri\u0161anu, m\u016bsu likum\u012bg\u0101s intereses (piem\u0113ram, p\u0101rbaud\u012bt Klienta identit\u0101ti pirms l\u012bguma nosl\u0113g\u0161anas; nodro\u0161in\u0101t l\u012bguma saist\u012bbu izpildi; analiz\u0113t m\u0101jaslapas lietojumu darb\u012bbu, nodro\u0161in\u0101t pakalpojumu snieg\u0161anas efektivit\u0101ti, utt.<\/p>\n<p><b>3. Personas datu inform\u0101cija<\/b><br>Personas datu inform\u0101cija \u2013 v\u0101rds, uzv\u0101rds, personas kods, e-pasta vai pasta adrese, IP adrese, t\u0101lru\u0146a numurs, zi\u0146ojama vai v\u0113stules saturs. Visa kontaktinform\u0101cija, kas atrodama vietn\u0113 www.artwallpanel.com<\/p>\n<p><b>4. Personas dati<\/b><br>Dati var tikt izpausti tiem P\u0101rzi\u0146a darbiniekiem, kam tie ir nepiecie\u0161ami tie\u0161o pien\u0101kumu veik\u0161anai.<br>Ieg\u016bstot un izmantojot personu datus, m\u0113s da\u013c\u0113ji izmantojam \u0101r\u0113jo pakalpojumu sniedz\u0113ju pakalpojumus, kuri saska\u0146\u0101 ar l\u012bgumu stingri iev\u0113ro m\u016bsu nor\u0101d\u012bjumus un kurus m\u0113s pirms pakalpojuma izmanto\u0161anas un ar\u012b turpm\u0101k past\u0101v\u012bgi kontrol\u0113jam.<\/p>\n<p><b>5. Datu subjekts<\/b><br>Datu subjekts \u2013 P\u0101rzi\u0146a eso\u0161ie, biju\u0161ie un potenci\u0101lie klienti, k\u0101 ar\u012b citas personas, kas izsaka v\u0113lmi sazin\u0101ties ar P\u0101rzini.<\/p>\n<p><b>6. Dati \u0101rpus Latvijas<\/b><br>\u0145emot v\u0113r\u0101, ka Vietne ir saist\u012bta ar Google, Instagram un Facebook servisiem, P\u0101rzinis nevar garant\u0113t, ka min\u0113tie uz\u0146\u0113mumi datus nenodos \u0101rpus Eiropas Savien\u012bbas vai Eiropas ekonomisk\u0101s zonas.<\/p>\n<p><b>7. Datu glab\u0101\u0161ana<\/b><br>Apstr\u0101d\u0101jam un glab\u0101jam Lietot\u0101ja personas datus, kam\u0113r k\u0101dai no pus\u0113m past\u0101v juridisks pien\u0101kums datus glab\u0101t, iz\u0146emot gad\u012bjumus, ja m\u016bsu tiesiskais pien\u0101kums ir ar\u012b turpm\u0101k saglab\u0101t \u0161os datus- gr\u0101matved\u012bbas uzskaites vai tiesved\u012bbas vajadz\u012bb\u0101m.<\/p>\n<p><b>8. Personas dati<\/b><br>Lietot\u0101js var iesniegt piepras\u012bjumu par savu ties\u012bbu \u012bsteno\u0161anu rakstveida form\u0101 kl\u0101tien\u0113, P\u0101rzi\u0146a juridiskaj\u0101 adres\u0113 (uzr\u0101dot personu apliecino\u0161u dokumentu), pa pastu, vai e-pasta veid\u0101, parakstot ar dro\u0161u elektronisko parakstu;<br>Sa\u0146emot Lietot\u0101ja piepras\u012bjumu par savu ties\u012bbu \u012bsteno\u0161anu, P\u0101rzinis p\u0101rliecin\u0101s par Lietot\u0101ja identit\u0101ti, izv\u0113rt\u0113 piepras\u012bjumu un izpilda to saska\u0146\u0101 ar normat\u012bvajiem aktiem.<\/p>\n<p>Lietot\u0101jam ir ties\u012bbas sa\u0146emt normat\u012bvajos aktos noteikto inform\u0101ciju saist\u012bb\u0101 ar vi\u0146a datu apstr\u0101di, ties\u012bbas piepras\u012bt piek\u013cuvi saviem personas datiem, k\u0101 ar\u012b piepras\u012bt P\u0101rzinim veikt to papildin\u0101\u0161anu, labo\u0161anu vai dz\u0113\u0161anu, apstr\u0101des ierobe\u017eo\u0161anu vai ties\u012bbas iebilst pret apstr\u0101di, cikt\u0101l \u0161\u012bs ties\u012bbas nav pretrun\u0101 ar datu apstr\u0101des m\u0113r\u0137i (l\u012bgumu nosl\u0113g\u0161ana vai izpilde).<\/p>\n<p><b>9. S\u012bkdat\u0146u apstr\u0101de<\/b><br>Vietn\u0113 tiek v\u0101kti dati par Vietnes apmekl\u0113t\u0101jiem, t\u0101d\u0113j\u0101di g\u016bstot iesp\u0113ju Vietnes uztur\u0113t\u0101jam izv\u0113rt\u0113t, cik noder\u012bga ir Vietne, un k\u0101 to var\u0113tu uzlabot.<br>P\u0101rzinis nemit\u012bgi pilnveido Vietni, ar m\u0113r\u0137i, uzlabot t\u0101s lieto\u0161anu, t\u0101p\u0113c P\u0101rzinim ir j\u0101zina, k\u0101da inform\u0101cija ir svar\u012bga Vietnes apmekl\u0113t\u0101jiem, cik bie\u017ei vi\u0146i \u0161o Vietni apmekl\u0113, k\u0101das ier\u012bces un p\u0101rl\u016bkprogrammu vi\u0146i izmanto, no k\u0101da re\u0123iona n\u0101k apmekl\u0113t\u0101ji, un k\u0101du saturu vislabpr\u0101t\u0101k lasa.<\/p>\n<p>Serveris, kur\u0101 izvietota Vietne, var re\u0123istr\u0113t apmekl\u0113t\u0101ja nos\u016bt\u012btos piepras\u012bjumus (izmantot\u0101 ier\u012bce, p\u0101rl\u016bkprogramma, IP adrese, piek\u013cuves datums un laiks). \u0160aj\u0101 punkt\u0101 min\u0113tie dati tiek izmantoti tehniskiem nol\u016bkiem: lai nodro\u0161in\u0101tu Vietnes pien\u0101c\u012bgu funkcion\u0113\u0161anu un dro\u0161\u012bbu un izmekl\u0113tu iesp\u0113jamos dro\u0161\u012bbas incidentus. \u0160aj\u0101 punkt\u0101 min\u0113to datu v\u0101k\u0161anas pamats ir P\u0101rzi\u0146a tiesisk\u0101 interese nodro\u0161in\u0101t Vietnes tehnisku pieejam\u012bbu un integrit\u0101ti.<\/p>\n<p>S\u012bkdatnes ir nelieli faili, kurus, katru reizi, kad apmekl\u0113t\u0101js apmekl\u0113 Vietni, p\u0101rl\u016bkprogramma saglab\u0101 apmekl\u0113t\u0101ja dator\u0101 t\u0101d\u0101 apm\u0113r\u0101, k\u0101 nor\u0101d\u012bts apmekl\u0113t\u0101ja datora p\u0101rl\u016bkprogrammas iestat\u012bjumos. Atsevi\u0161\u0137as s\u012bkdatnes tiek izmantotas, lai atlas\u012btu un piem\u0113rotu apmekl\u0113t\u0101jam pied\u0101v\u0101jamo inform\u0101ciju un rekl\u0101mas, pamatojoties uz saturu, ko apmekl\u0113t\u0101js apl\u016bkojis agr\u0101k, un t\u0101d\u0113j\u0101di veidotu apmekl\u0113t\u0101jiem Vietnes lieto\u0161anu vienk\u0101r\u0161u, \u0113rtu un individu\u0101li piem\u0113rotu. Papildu inform\u0101ciju par s\u012bkdatn\u0113m, k\u0101 ar\u012b to dz\u0113\u0161anu un p\u0101rvald\u012b\u0161anu, var ieg\u016bt m\u0101jaslap\u0101 <a href=\"http:\/\/www.aboutcookies.org\" target=\"_blank\">www.aboutcookies.org<\/a>.<\/p>\n<p>Vietne izmanto s\u012bkdatnes, lai v\u0101ktu lietot\u0101ja IP adreses un p\u0101rl\u016bko\u0161anas inform\u0101ciju un \u013cautu Vietnei atcer\u0113ties apmekl\u0113t\u0101ja izv\u0113li. S\u012bkdatnes \u013cauj P\u0101rzinim sekot l\u012bdzi Vietnes datu pl\u016bsmai un lietot\u0101ju mijiedarb\u012bbai ar Vietni \u2013 P\u0101rzinis izmanto \u0161os datus, lai analiz\u0113tu apmekl\u0113t\u0101ju uzved\u012bbu un uzlabotu Vietni. S\u012bkdat\u0146u izmanto\u0161anas tiesiskais pamats ir P\u0101rzi\u0146a le\u0123it\u012bm\u0101 interese nodro\u0161in\u0101t Vietnes funkcionalit\u0101ti, pieejam\u012bbu un integrit\u0101ti.<\/p>\n<p>Apmekl\u0113t\u0101js var kontrol\u0113t un\/vai dz\u0113st s\u012bkdatnes p\u0113c savas izv\u0113les. Pla\u0161\u0101ka inform\u0101cija par \u0161o procesu ir pieejama \u0161eit <a href=\"http:\/\/www.aboutcookies.org\" target=\"_blank\">www.aboutcookies.org<\/a>. Apmekl\u0113t\u0101js var izdz\u0113st visas s\u012bkdatnes, kuras ir vi\u0146a dator\u0101, un liel\u0101ko da\u013cu p\u0101rl\u016bkprogrammu var iestat\u012bt t\u0101, lai tiktu blo\u0137\u0113ta s\u012bkdat\u0146u ievieto\u0161ana dator\u0101. Apmekl\u0113t\u0101js var atteikties no s\u012bkdatn\u0113m p\u0101rl\u016bkprogrammas izv\u0113ln\u0113 vai <a href=\"https:\/\/tools.google.com\/dlpage\/gaoptout\" target=\"_blank\">https:\/\/tools.google.com\/dlpage\/gaoptout<\/a>. Lai veiktu nepiecie\u0161amos uzst\u0101d\u012bjumus, apmekl\u0113t\u0101jam nepiecie\u0161ams iepaz\u012bties ar savas p\u0101rl\u016bkprogrammas noteikumiem. S\u012bkdat\u0146u blo\u0137\u0113\u0161anas gad\u012bjum\u0101 apmekl\u0113t\u0101jam manu\u0101li b\u016bs j\u0101piel\u0101go iestat\u012bjumi ikreiz, kad tiks apmekl\u0113ta Vietne, turkl\u0101t past\u0101v iesp\u0113jam\u012bba, ka da\u017ei pakalpojumi un funkcijas nedarbosies.<\/p>\n<p>Statistikas datiem par Vietnes apmekl\u0113t\u0101jiem var piek\u013c\u016bt tikai tie P\u0101rzi\u0146a darbinieki, kuri ir atbild\u012bgi par t\u0101du datu anal\u012bzi.<br>Ja nav noteikts cit\u0101di, s\u012bkdatnes tiek glab\u0101tas, kam\u0113r tiek izpild\u012bta darb\u012bba, k\u0101dam nol\u016bkam t\u0101s v\u0101ktas, un p\u0113c tam t\u0101s tiek dz\u0113stas.<\/p>\n<p><b>10. Tre\u0161o personu t\u012bmek\u013ca vietnes Facebook, Instagram, utt.<\/b><br>M\u0113s, iesp\u0113jams, sadarbosimies ar tre\u0161aj\u0101m person\u0101m, kas ir pilnvaroti ievietot tre\u0161o personu s\u012bkdatnes m\u016bsu vietn\u0113s vai m\u016bsu pakalpojumus, lietotn\u0113s un r\u012bkos ar j\u016bsu piekri\u0161anu. \u0160ie pakalpojumu sniedz\u0113ji \u013cauj mums nodro\u0161in\u0101t jums lab\u0101ku, \u0101tr\u0101ku un dro\u0161\u0101ku t\u012bmek\u013ca vietnes lieto\u0161anas pieredzi. Iev\u0113rojiet, ka uz tre\u0161o personu s\u012bkdatn\u0113m attiecas tre\u0161o personu priv\u0101tuma politika, t\u0101p\u0113c m\u0113s neuz\u0146emamies nek\u0101du atbild\u012bbu par \u0161\u012bm priv\u0101tuma politik\u0101m.<\/p>\n<p><b>11. Ties\u012bbas iesniegt s\u016bdz\u012bbu uzraudz\u012bbas iest\u0101dei<\/b><br>Ties\u012bbas iesniegt s\u016bdz\u012bbu uzraudz\u012bbas iest\u0101dei (Datu valsts inspekcijai). Dokumentus Datu valsts inspekcij\u0101 pie\u0146em, izmantojot pastu, elektronisko pastu (ar dro\u0161u elektronisko parakstu parakst\u012btus dokumentus), k\u0101 ar\u012b tos var atst\u0101t Blauma\u0146a iel\u0101 11\/13, R\u012bg\u0101, 1.st\u0101va pastkast\u0113. Datu valsts inspekcija pie\u0146em elektronisk\u0101 pasta s\u016bt\u012bjumus, kas sa\u0146emti uz elektronisk\u0101 pasta adresi <a href=\"mailto:info@dvi.gov.lv\" target=\"_blank\">info@dvi.gov.lv<\/a>.<\/p>\n<p><b>12. Pre\u010du atgrie\u0161ana un garantijas noteikumi<\/b><br>Interneta vietn\u0113 redzamie sienas pane\u013cu dekorat\u012bvie d\u0113\u013ci (<a href=\"http:\/\/www.artwallpanel.lv\" target=\"_blank\">www.artwallpanel.lv<\/a>) garantija ir divi gadi, tos var atgriezt, ja m\u016bsu darb\u012bbas k\u013c\u016bdas d\u0113\u013c ir radu\u0161ies k\u0101di boj\u0101jumi, piem\u0113ram, sa\u0146emts salausts, (neskaitot kurjera pieg\u0101des boj\u0101juma d\u0113\u013c). P\u0101rzinis neuz\u0146emas atbild\u012bbu, ja boj\u0101jumi radu\u0161ies lietot\u0101ja d\u0113\u013c neiev\u0113rojot P\u0101rzi\u0146a lieto\u0161anas noteikumus tos piestiprinot, k\u0101 ar\u012b boj\u0101jumi kas radu\u0161ies, ja telp\u0101 ir bijis mitrums, vai straujas gaisa temperat\u016bras mai\u0146a utt, kas rezult\u0101t\u0101 var rast deform\u0101ciju vai boj\u0101jumu. Pre\u010du atgrie\u0161anas laiks 14 dienas p\u0113c sa\u0146em\u0161anas, ja konstat\u0113ts boj\u0101jums.<\/p>\n<p><b>13. Priv\u0101tuma politika<\/b><br>M\u0113s paturam ties\u012bbas ik pa laikam izmain\u012bt un papildin\u0101t \u0161\u012bs priv\u0101tuma politikas saturu, lai preciz\u0113tu aprakstu tam, k\u0101 m\u0113s apstr\u0101d\u0101jam j\u016bsu datus, aicin\u0101m regul\u0101ri p\u0101rskat\u012bt \u0161o priv\u0101tuma politiku, lai J\u016bs b\u016btu lietas kurs\u0101 par J\u016bsu personas datu apstr\u0101di Vietn\u0113.<\/p>\t\t\t\t\t\t<\/div>\n\t\t\t\t<\/div>\n\t\t\t\t\t<\/div>\n\t\t<\/div>\n\t\t\t\t\t\t\t<\/div>\n\t\t<\/section>\n\t\t\t\t\t\t\t<\/div>\n\t\t","protected":false},"excerpt":{"rendered":"<p>1. IevadsSIA Eko wood, Reg.nr. 40203064646 ( turpm\u0101k \u2013 P\u0101rzinis), interneta vietn\u0113&nbsp; www.artwallpanel.com (turpm\u0101k \u2013 Vietne) veic t\u0101du personas datu apstr\u0101di, kuri ir ieg\u016bti no datu subjekta \u2013 Vietnes lietot\u0101ja (turpm\u0101k \u2013 Lietot\u0101js). P\u0101rzinis r\u016bp\u0113jas par Lietot\u0101ja priv\u0101tumu un personas datu aizsardz\u012bbu, iev\u0113ro Lietot\u0101ju ties\u012bbas uz personas datu apstr\u0101des likum\u012bbu saska\u0146\u0101 ar piem\u0113rojamajiem ties\u012bbu aktiem &hellip;<\/p>\n<p class=\"read-more\"> <a class=\"\" href=\"https:\/\/artwallpanel.com\/lv\/privatuma-politika\/\"> <span class=\"screen-reader-text\">Priv\u0101tuma politika<\/span> Read More &raquo;<\/a><\/p>\n","protected":false},"author":1,"featured_media":0,"parent":0,"menu_order":0,"comment_status":"closed","ping_status":"open","template":"","meta":{"site-sidebar-layout":"no-sidebar","site-content-layout":"page-builder","ast-global-header-display":"","ast-main-header-display":"","ast-hfb-above-header-display":"","ast-hfb-below-header-display":"","ast-hfb-mobile-header-display":"","site-post-title":"disabled","ast-breadcrumbs-content":"","ast-featured-img":"disabled","footer-sml-layout":"","theme-transparent-header-meta":"","adv-header-id-meta":"","stick-header-meta":"","header-above-stick-meta":"","header-main-stick-meta":"","header-below-stick-meta":""},"yoast_head":"<!-- This site is optimized with the Yoast SEO plugin v20.2.1 - https:\/\/yoast.com\/wordpress\/plugins\/seo\/ -->\n<title>Priv\u0101tuma politika - Artwallpanel.com<\/title>\n<meta name=\"robots\" content=\"index, follow, max-snippet:-1, max-image-preview:large, max-video-preview:-1\" \/>\n<link rel=\"canonical\" href=\"https:\/\/artwallpanel.com\/lv\/privatuma-politika\/\" \/>\n<meta property=\"og:locale\" content=\"lv_LV\" \/>\n<meta property=\"og:type\" content=\"article\" \/>\n<meta property=\"og:title\" content=\"Priv\u0101tuma politika\" \/>\n<meta property=\"og:description\" content=\"1. IevadsSIA Eko wood, Reg.nr. 40203064646 ( turpm\u0101k \u2013 P\u0101rzinis), interneta vietn\u0113&nbsp; www.artwallpanel.com (turpm\u0101k \u2013 Vietne) veic t\u0101du personas datu apstr\u0101di, kuri ir ieg\u016bti no datu subjekta \u2013 Vietnes lietot\u0101ja (turpm\u0101k \u2013 Lietot\u0101js). P\u0101rzinis r\u016bp\u0113jas par Lietot\u0101ja priv\u0101tumu un personas datu aizsardz\u012bbu, iev\u0113ro Lietot\u0101ju ties\u012bbas uz personas datu apstr\u0101des likum\u012bbu saska\u0146\u0101 ar piem\u0113rojamajiem ties\u012bbu aktiem &hellip; Priv\u0101tuma politika Read More &raquo;\" \/>\n<meta property=\"og:url\" content=\"https:\/\/artwallpanel.com\/lv\/privatuma-politika\/\" \/>\n<meta property=\"og:site_name\" content=\"Artwallpanel.com\" \/>\n<meta property=\"article:modified_time\" content=\"2023-04-09T08:55:21+00:00\" \/>\n<meta name=\"twitter:card\" content=\"summary_large_image\" \/>\n<meta name=\"twitter:label1\" content=\"Est. reading time\" \/>\n\t<meta name=\"twitter:data1\" content=\"6 min\u016btes\" \/>\n<script type=\"application\/ld+json\" class=\"yoast-schema-graph\">{\"@context\":\"https:\/\/schema.org\",\"@graph\":[{\"@type\":\"WebPage\",\"@id\":\"https:\/\/artwallpanel.com\/lv\/privatuma-politika\/\",\"url\":\"https:\/\/artwallpanel.com\/lv\/privatuma-politika\/\",\"name\":\"[:en]Priv\u0101tuma politika[:] - Artwallpanel.com\",\"isPartOf\":{\"@id\":\"https:\/\/artwallpanel.com\/lv\/#website\"},\"datePublished\":\"2023-04-09T08:38:51+00:00\",\"dateModified\":\"2023-04-09T08:55:21+00:00\",\"breadcrumb\":{\"@id\":\"https:\/\/artwallpanel.com\/lv\/privatuma-politika\/#breadcrumb\"},\"inLanguage\":\"lv\",\"potentialAction\":[{\"@type\":\"ReadAction\",\"target\":[\"https:\/\/artwallpanel.com\/lv\/privatuma-politika\/\"]}]},{\"@type\":\"BreadcrumbList\",\"@id\":\"https:\/\/artwallpanel.com\/lv\/privatuma-politika\/#breadcrumb\",\"itemListElement\":[{\"@type\":\"ListItem\",\"position\":1,\"name\":\"Home\",\"item\":\"https:\/\/artwallpanel.com\/lv\/sakums\/\"},{\"@type\":\"ListItem\",\"position\":2,\"name\":\"Priv\u0101tuma politika\"}]},{\"@type\":\"WebSite\",\"@id\":\"https:\/\/artwallpanel.com\/lv\/#website\",\"url\":\"https:\/\/artwallpanel.com\/lv\/\",\"name\":\"Artwallpanel.com\",\"description\":\"\",\"publisher\":{\"@id\":\"https:\/\/artwallpanel.com\/lv\/#organization\"},\"potentialAction\":[{\"@type\":\"SearchAction\",\"target\":{\"@type\":\"EntryPoint\",\"urlTemplate\":\"https:\/\/artwallpanel.com\/lv\/?s={search_term_string}\"},\"query-input\":\"required name=search_term_string\"}],\"inLanguage\":\"lv\"},{\"@type\":\"Organization\",\"@id\":\"https:\/\/artwallpanel.com\/lv\/#organization\",\"name\":\"Artwallpanel.com\",\"url\":\"https:\/\/artwallpanel.com\/lv\/\",\"logo\":{\"@type\":\"ImageObject\",\"inLanguage\":\"lv\",\"@id\":\"https:\/\/artwallpanel.com\/lv\/#\/schema\/logo\/image\/\",\"url\":\"https:\/\/artwallpanel.com\/wp-content\/uploads\/2023\/04\/cropped-artwallpanel-logo.jpg\",\"contentUrl\":\"https:\/\/artwallpanel.com\/wp-content\/uploads\/2023\/04\/cropped-artwallpanel-logo.jpg\",\"width\":1125,\"height\":375,\"caption\":\"Artwallpanel.com\"},\"image\":{\"@id\":\"https:\/\/artwallpanel.com\/lv\/#\/schema\/logo\/image\/\"}}]}<\/script>\n<!-- \/ Yoast SEO plugin. -->","yoast_head_json":{"title":"Priv\u0101tuma politika - Artwallpanel.com","robots":{"index":"index","follow":"follow","max-snippet":"max-snippet:-1","max-image-preview":"max-image-preview:large","max-video-preview":"max-video-preview:-1"},"canonical":"https:\/\/artwallpanel.com\/lv\/privatuma-politika\/","og_locale":"lv_LV","og_type":"article","og_title":"[:en]Priv\u0101tuma politika[:] - Artwallpanel.com","og_description":"1. IevadsSIA Eko wood, Reg.nr. 40203064646 ( turpm\u0101k \u2013 P\u0101rzinis), interneta vietn\u0113&nbsp; www.artwallpanel.com (turpm\u0101k \u2013 Vietne) veic t\u0101du personas datu apstr\u0101di, kuri ir ieg\u016bti no datu subjekta \u2013 Vietnes lietot\u0101ja (turpm\u0101k \u2013 Lietot\u0101js). P\u0101rzinis r\u016bp\u0113jas par Lietot\u0101ja priv\u0101tumu un personas datu aizsardz\u012bbu, iev\u0113ro Lietot\u0101ju ties\u012bbas uz personas datu apstr\u0101des likum\u012bbu saska\u0146\u0101 ar piem\u0113rojamajiem ties\u012bbu aktiem &hellip; Priv\u0101tuma politika Read More &raquo;","og_url":"https:\/\/artwallpanel.com\/lv\/privatuma-politika\/","og_site_name":"Artwallpanel.com","article_modified_time":"2023-04-09T08:55:21+00:00","twitter_card":"summary_large_image","twitter_misc":{"Est. reading time":"6 min\u016btes"},"schema":{"@context":"https:\/\/schema.org","@graph":[{"@type":"WebPage","@id":"https:\/\/artwallpanel.com\/lv\/privatuma-politika\/","url":"https:\/\/artwallpanel.com\/lv\/privatuma-politika\/","name":"[:en]Priv\u0101tuma politika[:] - Artwallpanel.com","isPartOf":{"@id":"https:\/\/artwallpanel.com\/lv\/#website"},"datePublished":"2023-04-09T08:38:51+00:00","dateModified":"2023-04-09T08:55:21+00:00","breadcrumb":{"@id":"https:\/\/artwallpanel.com\/lv\/privatuma-politika\/#breadcrumb"},"inLanguage":"lv","potentialAction":[{"@type":"ReadAction","target":["https:\/\/artwallpanel.com\/lv\/privatuma-politika\/"]}]},{"@type":"BreadcrumbList","@id":"https:\/\/artwallpanel.com\/lv\/privatuma-politika\/#breadcrumb","itemListElement":[{"@type":"ListItem","position":1,"name":"Home","item":"https:\/\/artwallpanel.com\/lv\/sakums\/"},{"@type":"ListItem","position":2,"name":"Priv\u0101tuma politika"}]},{"@type":"WebSite","@id":"https:\/\/artwallpanel.com\/lv\/#website","url":"https:\/\/artwallpanel.com\/lv\/","name":"Artwallpanel.com","description":"","publisher":{"@id":"https:\/\/artwallpanel.com\/lv\/#organization"},"potentialAction":[{"@type":"SearchAction","target":{"@type":"EntryPoint","urlTemplate":"https:\/\/artwallpanel.com\/lv\/?s={search_term_string}"},"query-input":"required name=search_term_string"}],"inLanguage":"lv"},{"@type":"Organization","@id":"https:\/\/artwallpanel.com\/lv\/#organization","name":"Artwallpanel.com","url":"https:\/\/artwallpanel.com\/lv\/","logo":{"@type":"ImageObject","inLanguage":"lv","@id":"https:\/\/artwallpanel.com\/lv\/#\/schema\/logo\/image\/","url":"https:\/\/artwallpanel.com\/wp-content\/uploads\/2023\/04\/cropped-artwallpanel-logo.jpg","contentUrl":"https:\/\/artwallpanel.com\/wp-content\/uploads\/2023\/04\/cropped-artwallpanel-logo.jpg","width":1125,"height":375,"caption":"Artwallpanel.com"},"image":{"@id":"https:\/\/artwallpanel.com\/lv\/#\/schema\/logo\/image\/"}}]}},"_links":{"self":[{"href":"https:\/\/artwallpanel.com\/lv\/wp-json\/wp\/v2\/pages\/3202"}],"collection":[{"href":"https:\/\/artwallpanel.com\/lv\/wp-json\/wp\/v2\/pages"}],"about":[{"href":"https:\/\/artwallpanel.com\/lv\/wp-json\/wp\/v2\/types\/page"}],"author":[{"embeddable":true,"href":"https:\/\/artwallpanel.com\/lv\/wp-json\/wp\/v2\/users\/1"}],"replies":[{"embeddable":true,"href":"https:\/\/artwallpanel.com\/lv\/wp-json\/wp\/v2\/comments?post=3202"}],"version-history":[{"count":7,"href":"https:\/\/artwallpanel.com\/lv\/wp-json\/wp\/v2\/pages\/3202\/revisions"}],"predecessor-version":[{"id":3221,"href":"https:\/\/artwallpanel.com\/lv\/wp-json\/wp\/v2\/pages\/3202\/revisions\/3221"}],"wp:attachment":[{"href":"https:\/\/artwallpanel.com\/lv\/wp-json\/wp\/v2\/media?parent=3202"}],"curies":[{"name":"wp","href":"https:\/\/api.w.org\/{rel}","templated":true}]}}