{"id":1995,"date":"2023-03-23T15:00:54","date_gmt":"2023-03-23T15:00:54","guid":{"rendered":"https:\/\/artwallpanel.com\/?page_id=1995"},"modified":"2023-04-07T18:03:07","modified_gmt":"2023-04-07T18:03:07","slug":"telpisku-figuru-detalu-izgatavosana","status":"publish","type":"page","link":"https:\/\/artwallpanel.com\/lv\/telpisku-figuru-detalu-izgatavosana\/","title":{"rendered":"Telpisku fig\u016bru deta\u013cu izgatavo\u0161ana"},"content":{"rendered":"\t\t<div data-elementor-type=\"wp-page\" data-elementor-id=\"1995\" class=\"elementor elementor-1995\">\n\t\t\t\t\t\t\t\t\t<section class=\"elementor-section elementor-top-section elementor-element elementor-element-4cf481bf elementor-section-boxed elementor-section-height-default elementor-section-height-default\" data-id=\"4cf481bf\" data-element_type=\"section\" data-settings=\"{&quot;background_background&quot;:&quot;classic&quot;}\">\n\t\t\t\t\t\t\t<div class=\"elementor-background-overlay\"><\/div>\n\t\t\t\t\t\t\t<div class=\"elementor-container elementor-column-gap-no\">\n\t\t\t\t\t<div class=\"elementor-column elementor-col-100 elementor-top-column elementor-element elementor-element-4f13f47e\" data-id=\"4f13f47e\" data-element_type=\"column\">\n\t\t\t<div class=\"elementor-widget-wrap elementor-element-populated\">\n\t\t\t\t\t\t\t\t<div class=\"elementor-element elementor-element-7e3bcac0 elementor-widget elementor-widget-heading\" data-id=\"7e3bcac0\" data-element_type=\"widget\" data-widget_type=\"heading.default\">\n\t\t\t\t<div class=\"elementor-widget-container\">\n\t\t\t<style>\/*! elementor - v3.11.2 - 22-02-2023 *\/\n.elementor-heading-title{padding:0;margin:0;line-height:1}.elementor-widget-heading .elementor-heading-title[class*=elementor-size-]>a{color:inherit;font-size:inherit;line-height:inherit}.elementor-widget-heading .elementor-heading-title.elementor-size-small{font-size:15px}.elementor-widget-heading .elementor-heading-title.elementor-size-medium{font-size:19px}.elementor-widget-heading .elementor-heading-title.elementor-size-large{font-size:29px}.elementor-widget-heading .elementor-heading-title.elementor-size-xl{font-size:39px}.elementor-widget-heading .elementor-heading-title.elementor-size-xxl{font-size:59px}<\/style><h1 class=\"elementor-heading-title elementor-size-default\">Telpisku fig\u016bru deta\u013cu izgatavo\u0161ana<\/h1>\t\t<\/div>\n\t\t\t\t<\/div>\n\t\t\t\t<div class=\"elementor-element elementor-element-1743d8d7 elementor-widget-divider--view-line elementor-widget elementor-widget-divider\" data-id=\"1743d8d7\" data-element_type=\"widget\" data-widget_type=\"divider.default\">\n\t\t\t\t<div class=\"elementor-widget-container\">\n\t\t\t<style>\/*! elementor - v3.11.2 - 22-02-2023 *\/\n.elementor-widget-divider{--divider-border-style:none;--divider-border-width:1px;--divider-color:#2c2c2c;--divider-icon-size:20px;--divider-element-spacing:10px;--divider-pattern-height:24px;--divider-pattern-size:20px;--divider-pattern-url:none;--divider-pattern-repeat:repeat-x}.elementor-widget-divider .elementor-divider{display:flex}.elementor-widget-divider .elementor-divider__text{font-size:15px;line-height:1;max-width:95%}.elementor-widget-divider .elementor-divider__element{margin:0 var(--divider-element-spacing);flex-shrink:0}.elementor-widget-divider .elementor-icon{font-size:var(--divider-icon-size)}.elementor-widget-divider .elementor-divider-separator{display:flex;margin:0;direction:ltr}.elementor-widget-divider--view-line_icon .elementor-divider-separator,.elementor-widget-divider--view-line_text .elementor-divider-separator{align-items:center}.elementor-widget-divider--view-line_icon .elementor-divider-separator:after,.elementor-widget-divider--view-line_icon .elementor-divider-separator:before,.elementor-widget-divider--view-line_text .elementor-divider-separator:after,.elementor-widget-divider--view-line_text .elementor-divider-separator:before{display:block;content:\"\";border-bottom:0;flex-grow:1;border-top:var(--divider-border-width) var(--divider-border-style) var(--divider-color)}.elementor-widget-divider--element-align-left .elementor-divider .elementor-divider-separator>.elementor-divider__svg:first-of-type{flex-grow:0;flex-shrink:100}.elementor-widget-divider--element-align-left .elementor-divider-separator:before{content:none}.elementor-widget-divider--element-align-left .elementor-divider__element{margin-left:0}.elementor-widget-divider--element-align-right .elementor-divider .elementor-divider-separator>.elementor-divider__svg:last-of-type{flex-grow:0;flex-shrink:100}.elementor-widget-divider--element-align-right .elementor-divider-separator:after{content:none}.elementor-widget-divider--element-align-right .elementor-divider__element{margin-right:0}.elementor-widget-divider:not(.elementor-widget-divider--view-line_text):not(.elementor-widget-divider--view-line_icon) .elementor-divider-separator{border-top:var(--divider-border-width) var(--divider-border-style) var(--divider-color)}.elementor-widget-divider--separator-type-pattern{--divider-border-style:none}.elementor-widget-divider--separator-type-pattern.elementor-widget-divider--view-line .elementor-divider-separator,.elementor-widget-divider--separator-type-pattern:not(.elementor-widget-divider--view-line) .elementor-divider-separator:after,.elementor-widget-divider--separator-type-pattern:not(.elementor-widget-divider--view-line) .elementor-divider-separator:before,.elementor-widget-divider--separator-type-pattern:not([class*=elementor-widget-divider--view]) .elementor-divider-separator{width:100%;min-height:var(--divider-pattern-height);-webkit-mask-size:var(--divider-pattern-size) 100%;mask-size:var(--divider-pattern-size) 100%;-webkit-mask-repeat:var(--divider-pattern-repeat);mask-repeat:var(--divider-pattern-repeat);background-color:var(--divider-color);-webkit-mask-image:var(--divider-pattern-url);mask-image:var(--divider-pattern-url)}.elementor-widget-divider--no-spacing{--divider-pattern-size:auto}.elementor-widget-divider--bg-round{--divider-pattern-repeat:round}.rtl .elementor-widget-divider .elementor-divider__text{direction:rtl}.e-con-inner>.elementor-widget-divider,.e-con>.elementor-widget-divider{width:var(--container-widget-width,100%);--flex-grow:var(--container-widget-flex-grow)}<\/style>\t\t<div class=\"elementor-divider\">\n\t\t\t<span class=\"elementor-divider-separator\">\n\t\t\t\t\t\t<\/span>\n\t\t<\/div>\n\t\t\t\t<\/div>\n\t\t\t\t<\/div>\n\t\t\t\t\t<\/div>\n\t\t<\/div>\n\t\t\t\t\t\t\t<\/div>\n\t\t<\/section>\n\t\t\t\t<section class=\"elementor-section elementor-top-section elementor-element elementor-element-433ef21 elementor-section-content-middle elementor-section-boxed elementor-section-height-default elementor-section-height-default\" data-id=\"433ef21\" data-element_type=\"section\">\n\t\t\t\t\t\t<div class=\"elementor-container elementor-column-gap-no\">\n\t\t\t\t\t<div class=\"elementor-column elementor-col-50 elementor-top-column elementor-element elementor-element-717a0418\" data-id=\"717a0418\" data-element_type=\"column\">\n\t\t\t<div class=\"elementor-widget-wrap elementor-element-populated\">\n\t\t\t\t\t\t\t\t<div class=\"elementor-element elementor-element-4143b64a elementor-widget__width-auto elementor-widget-divider--view-line elementor-widget elementor-widget-divider\" data-id=\"4143b64a\" data-element_type=\"widget\" data-widget_type=\"divider.default\">\n\t\t\t\t<div class=\"elementor-widget-container\">\n\t\t\t\t\t<div class=\"elementor-divider\">\n\t\t\t<span class=\"elementor-divider-separator\">\n\t\t\t\t\t\t<\/span>\n\t\t<\/div>\n\t\t\t\t<\/div>\n\t\t\t\t<\/div>\n\t\t\t\t<div class=\"elementor-element elementor-element-11390ae9 elementor-widget elementor-widget-text-editor\" data-id=\"11390ae9\" data-element_type=\"widget\" data-widget_type=\"text-editor.default\">\n\t\t\t\t<div class=\"elementor-widget-container\">\n\t\t\t<style>\/*! elementor - v3.11.2 - 22-02-2023 *\/\n.elementor-widget-text-editor.elementor-drop-cap-view-stacked .elementor-drop-cap{background-color:#818a91;color:#fff}.elementor-widget-text-editor.elementor-drop-cap-view-framed .elementor-drop-cap{color:#818a91;border:3px solid;background-color:transparent}.elementor-widget-text-editor:not(.elementor-drop-cap-view-default) .elementor-drop-cap{margin-top:8px}.elementor-widget-text-editor:not(.elementor-drop-cap-view-default) .elementor-drop-cap-letter{width:1em;height:1em}.elementor-widget-text-editor .elementor-drop-cap{float:left;text-align:center;line-height:1;font-size:50px}.elementor-widget-text-editor .elementor-drop-cap-letter{display:inline-block}<\/style>\t\t\t\t<p>Telpisku fig\u016bru deta\u013cu izgatavo\u0161ana, kas \u013cauj izv\u0113l\u0113ties savu m\u0101kslas darbu uz sienas. T\u0101 pielik\u0161ana ir vienk\u0101r\u0161a, nav nepiecie\u0161amas iepriek\u0161\u0113jas zin\u0101\u0161anas vai pieredze- izv\u0113lies savu m\u0101kslu un liec pats kop\u0101!<\/p><p>Kombin\u0101ciju maini, kad vien v\u0113lies.<\/p><p>Met\u0101ls, koks, stikls vai audums, izv\u0113lies savu dizainu un saliec pats savu m\u0101kslu!<\/p>\t\t\t\t\t\t<\/div>\n\t\t\t\t<\/div>\n\t\t\t\t<div class=\"elementor-element elementor-element-401452f4 elementor-align-left elementor-widget elementor-widget-button\" data-id=\"401452f4\" data-element_type=\"widget\" data-widget_type=\"button.default\">\n\t\t\t\t<div class=\"elementor-widget-container\">\n\t\t\t\t\t<div class=\"elementor-button-wrapper\">\n\t\t\t<a href=\"\/kontakti\" class=\"elementor-button-link elementor-button elementor-size-lg\" role=\"button\">\n\t\t\t\t\t\t<span class=\"elementor-button-content-wrapper\">\n\t\t\t\t\t\t\t<span class=\"elementor-button-icon elementor-align-icon-left\">\n\t\t\t\t<i aria-hidden=\"true\" class=\"far fa-arrow-alt-circle-right\"><\/i>\t\t\t<\/span>\n\t\t\t\t\t\t<span class=\"elementor-button-text\">Uzzin\u0101t vair\u0101k<\/span>\n\t\t<\/span>\n\t\t\t\t\t<\/a>\n\t\t<\/div>\n\t\t\t\t<\/div>\n\t\t\t\t<\/div>\n\t\t\t\t\t<\/div>\n\t\t<\/div>\n\t\t\t\t<div class=\"elementor-column elementor-col-50 elementor-top-column elementor-element elementor-element-7bb25b83\" data-id=\"7bb25b83\" data-element_type=\"column\" data-settings=\"{&quot;background_background&quot;:&quot;classic&quot;}\">\n\t\t\t<div class=\"elementor-widget-wrap elementor-element-populated\">\n\t\t\t\t\t<div class=\"elementor-background-overlay\"><\/div>\n\t\t\t\t\t\t\t\t<div class=\"elementor-element elementor-element-6ec2c478 elementor-widget elementor-widget-image\" data-id=\"6ec2c478\" data-element_type=\"widget\" data-widget_type=\"image.default\">\n\t\t\t\t<div class=\"elementor-widget-container\">\n\t\t\t<style>\/*! elementor - v3.11.2 - 22-02-2023 *\/\n.elementor-widget-image{text-align:center}.elementor-widget-image a{display:inline-block}.elementor-widget-image a img[src$=\".svg\"]{width:48px}.elementor-widget-image img{vertical-align:middle;display:inline-block}<\/style>\t\t\t\t\t\t\t\t\t\t\t\t<img decoding=\"async\" width=\"640\" height=\"800\" src=\"https:\/\/artwallpanel.com\/wp-content\/uploads\/2023\/03\/K_BOARD_1.2_INT.png\" class=\"attachment-full size-full wp-image-1267\" alt=\"\" srcset=\"https:\/\/artwallpanel.com\/wp-content\/uploads\/2023\/03\/K_BOARD_1.2_INT.png 640w, https:\/\/artwallpanel.com\/wp-content\/uploads\/2023\/03\/K_BOARD_1.2_INT-600x750.png 600w, https:\/\/artwallpanel.com\/wp-content\/uploads\/2023\/03\/K_BOARD_1.2_INT-240x300.png 240w\" sizes=\"(max-width: 640px) 100vw, 640px\" \/>\t\t\t\t\t\t\t\t\t\t\t\t\t\t\t<\/div>\n\t\t\t\t<\/div>\n\t\t\t\t\t<\/div>\n\t\t<\/div>\n\t\t\t\t\t\t\t<\/div>\n\t\t<\/section>\n\t\t\t\t\t\t\t<\/div>\n\t\t","protected":false},"excerpt":{"rendered":"<p>Telpisku fig\u016bru deta\u013cu izgatavo\u0161ana Telpisku fig\u016bru deta\u013cu izgatavo\u0161ana, kas \u013cauj izv\u0113l\u0113ties savu m\u0101kslas darbu uz sienas. T\u0101 pielik\u0161ana ir vienk\u0101r\u0161a, nav nepiecie\u0161amas iepriek\u0161\u0113jas zin\u0101\u0161anas vai pieredze- izv\u0113lies savu m\u0101kslu un liec pats kop\u0101! Kombin\u0101ciju maini, kad vien v\u0113lies. Met\u0101ls, koks, stikls vai audums, izv\u0113lies savu dizainu un saliec pats savu m\u0101kslu! Uzzin\u0101t vair\u0101k<\/p>\n","protected":false},"author":1,"featured_media":0,"parent":0,"menu_order":0,"comment_status":"closed","ping_status":"closed","template":"","meta":{"site-sidebar-layout":"no-sidebar","site-content-layout":"page-builder","ast-global-header-display":"","ast-main-header-display":"","ast-hfb-above-header-display":"","ast-hfb-below-header-display":"","ast-hfb-mobile-header-display":"","site-post-title":"disabled","ast-breadcrumbs-content":"","ast-featured-img":"disabled","footer-sml-layout":"","theme-transparent-header-meta":"","adv-header-id-meta":"","stick-header-meta":"","header-above-stick-meta":"","header-main-stick-meta":"","header-below-stick-meta":""},"yoast_head":"<!-- This site is optimized with the Yoast SEO plugin v20.2.1 - https:\/\/yoast.com\/wordpress\/plugins\/seo\/ -->\n<title>Telpisku fig\u016bru deta\u013cu izgatavo\u0161ana - Artwallpanel.com<\/title>\n<meta name=\"robots\" content=\"index, follow, max-snippet:-1, max-image-preview:large, max-video-preview:-1\" \/>\n<link rel=\"canonical\" href=\"https:\/\/artwallpanel.com\/lv\/telpisku-figuru-detalu-izgatavosana\/\" \/>\n<meta property=\"og:locale\" content=\"lv_LV\" \/>\n<meta property=\"og:type\" content=\"article\" \/>\n<meta property=\"og:title\" content=\"Telpisku fig\u016bru deta\u013cu izgatavo\u0161ana - Artwallpanel.com\" \/>\n<meta property=\"og:description\" content=\"Telpisku fig\u016bru deta\u013cu izgatavo\u0161ana Telpisku fig\u016bru deta\u013cu izgatavo\u0161ana, kas \u013cauj izv\u0113l\u0113ties savu m\u0101kslas darbu uz sienas. T\u0101 pielik\u0161ana ir vienk\u0101r\u0161a, nav nepiecie\u0161amas iepriek\u0161\u0113jas zin\u0101\u0161anas vai pieredze- izv\u0113lies savu m\u0101kslu un liec pats kop\u0101! Kombin\u0101ciju maini, kad vien v\u0113lies. Met\u0101ls, koks, stikls vai audums, izv\u0113lies savu dizainu un saliec pats savu m\u0101kslu! Uzzin\u0101t vair\u0101k\" \/>\n<meta property=\"og:url\" content=\"https:\/\/artwallpanel.com\/lv\/telpisku-figuru-detalu-izgatavosana\/\" \/>\n<meta property=\"og:site_name\" content=\"Artwallpanel.com\" \/>\n<meta property=\"article:modified_time\" content=\"2023-04-07T18:03:07+00:00\" \/>\n<meta property=\"og:image\" content=\"https:\/\/artwallpanel.com\/wp-content\/uploads\/2023\/03\/K_BOARD_1.2_INT.png\" \/>\n<meta name=\"twitter:card\" content=\"summary_large_image\" \/>\n<meta name=\"twitter:label1\" content=\"Est. reading time\" \/>\n\t<meta name=\"twitter:data1\" content=\"1 min\u016bte\" \/>\n<script type=\"application\/ld+json\" class=\"yoast-schema-graph\">{\"@context\":\"https:\/\/schema.org\",\"@graph\":[{\"@type\":\"WebPage\",\"@id\":\"https:\/\/artwallpanel.com\/lv\/telpisku-figuru-detalu-izgatavosana\/\",\"url\":\"https:\/\/artwallpanel.com\/lv\/telpisku-figuru-detalu-izgatavosana\/\",\"name\":\"Telpisku fig\u016bru deta\u013cu izgatavo\u0161ana - Artwallpanel.com\",\"isPartOf\":{\"@id\":\"https:\/\/artwallpanel.com\/lv\/#website\"},\"datePublished\":\"2023-03-23T15:00:54+00:00\",\"dateModified\":\"2023-04-07T18:03:07+00:00\",\"breadcrumb\":{\"@id\":\"https:\/\/artwallpanel.com\/lv\/telpisku-figuru-detalu-izgatavosana\/#breadcrumb\"},\"inLanguage\":\"lv\",\"potentialAction\":[{\"@type\":\"ReadAction\",\"target\":[\"https:\/\/artwallpanel.com\/lv\/telpisku-figuru-detalu-izgatavosana\/\"]}]},{\"@type\":\"BreadcrumbList\",\"@id\":\"https:\/\/artwallpanel.com\/lv\/telpisku-figuru-detalu-izgatavosana\/#breadcrumb\",\"itemListElement\":[{\"@type\":\"ListItem\",\"position\":1,\"name\":\"Home\",\"item\":\"https:\/\/artwallpanel.com\/lv\/sakums\/\"},{\"@type\":\"ListItem\",\"position\":2,\"name\":\"Telpisku fig\u016bru deta\u013cu izgatavo\u0161ana\"}]},{\"@type\":\"WebSite\",\"@id\":\"https:\/\/artwallpanel.com\/lv\/#website\",\"url\":\"https:\/\/artwallpanel.com\/lv\/\",\"name\":\"Artwallpanel.com\",\"description\":\"\",\"publisher\":{\"@id\":\"https:\/\/artwallpanel.com\/lv\/#organization\"},\"potentialAction\":[{\"@type\":\"SearchAction\",\"target\":{\"@type\":\"EntryPoint\",\"urlTemplate\":\"https:\/\/artwallpanel.com\/lv\/?s={search_term_string}\"},\"query-input\":\"required name=search_term_string\"}],\"inLanguage\":\"lv\"},{\"@type\":\"Organization\",\"@id\":\"https:\/\/artwallpanel.com\/lv\/#organization\",\"name\":\"Artwallpanel.com\",\"url\":\"https:\/\/artwallpanel.com\/lv\/\",\"logo\":{\"@type\":\"ImageObject\",\"inLanguage\":\"lv\",\"@id\":\"https:\/\/artwallpanel.com\/lv\/#\/schema\/logo\/image\/\",\"url\":\"https:\/\/artwallpanel.com\/wp-content\/uploads\/2023\/04\/cropped-artwallpanel-logo.jpg\",\"contentUrl\":\"https:\/\/artwallpanel.com\/wp-content\/uploads\/2023\/04\/cropped-artwallpanel-logo.jpg\",\"width\":1125,\"height\":375,\"caption\":\"Artwallpanel.com\"},\"image\":{\"@id\":\"https:\/\/artwallpanel.com\/lv\/#\/schema\/logo\/image\/\"}}]}<\/script>\n<!-- \/ Yoast SEO plugin. -->","yoast_head_json":{"title":"Telpisku fig\u016bru deta\u013cu izgatavo\u0161ana - Artwallpanel.com","robots":{"index":"index","follow":"follow","max-snippet":"max-snippet:-1","max-image-preview":"max-image-preview:large","max-video-preview":"max-video-preview:-1"},"canonical":"https:\/\/artwallpanel.com\/lv\/telpisku-figuru-detalu-izgatavosana\/","og_locale":"lv_LV","og_type":"article","og_title":"Telpisku fig\u016bru deta\u013cu izgatavo\u0161ana - Artwallpanel.com","og_description":"Telpisku fig\u016bru deta\u013cu izgatavo\u0161ana Telpisku fig\u016bru deta\u013cu izgatavo\u0161ana, kas \u013cauj izv\u0113l\u0113ties savu m\u0101kslas darbu uz sienas. T\u0101 pielik\u0161ana ir vienk\u0101r\u0161a, nav nepiecie\u0161amas iepriek\u0161\u0113jas zin\u0101\u0161anas vai pieredze- izv\u0113lies savu m\u0101kslu un liec pats kop\u0101! Kombin\u0101ciju maini, kad vien v\u0113lies. Met\u0101ls, koks, stikls vai audums, izv\u0113lies savu dizainu un saliec pats savu m\u0101kslu! Uzzin\u0101t vair\u0101k","og_url":"https:\/\/artwallpanel.com\/lv\/telpisku-figuru-detalu-izgatavosana\/","og_site_name":"Artwallpanel.com","article_modified_time":"2023-04-07T18:03:07+00:00","og_image":[{"url":"https:\/\/artwallpanel.com\/wp-content\/uploads\/2023\/03\/K_BOARD_1.2_INT.png"}],"twitter_card":"summary_large_image","twitter_misc":{"Est. reading time":"1 min\u016bte"},"schema":{"@context":"https:\/\/schema.org","@graph":[{"@type":"WebPage","@id":"https:\/\/artwallpanel.com\/lv\/telpisku-figuru-detalu-izgatavosana\/","url":"https:\/\/artwallpanel.com\/lv\/telpisku-figuru-detalu-izgatavosana\/","name":"Telpisku fig\u016bru deta\u013cu izgatavo\u0161ana - Artwallpanel.com","isPartOf":{"@id":"https:\/\/artwallpanel.com\/lv\/#website"},"datePublished":"2023-03-23T15:00:54+00:00","dateModified":"2023-04-07T18:03:07+00:00","breadcrumb":{"@id":"https:\/\/artwallpanel.com\/lv\/telpisku-figuru-detalu-izgatavosana\/#breadcrumb"},"inLanguage":"lv","potentialAction":[{"@type":"ReadAction","target":["https:\/\/artwallpanel.com\/lv\/telpisku-figuru-detalu-izgatavosana\/"]}]},{"@type":"BreadcrumbList","@id":"https:\/\/artwallpanel.com\/lv\/telpisku-figuru-detalu-izgatavosana\/#breadcrumb","itemListElement":[{"@type":"ListItem","position":1,"name":"Home","item":"https:\/\/artwallpanel.com\/lv\/sakums\/"},{"@type":"ListItem","position":2,"name":"Telpisku fig\u016bru deta\u013cu izgatavo\u0161ana"}]},{"@type":"WebSite","@id":"https:\/\/artwallpanel.com\/lv\/#website","url":"https:\/\/artwallpanel.com\/lv\/","name":"Artwallpanel.com","description":"","publisher":{"@id":"https:\/\/artwallpanel.com\/lv\/#organization"},"potentialAction":[{"@type":"SearchAction","target":{"@type":"EntryPoint","urlTemplate":"https:\/\/artwallpanel.com\/lv\/?s={search_term_string}"},"query-input":"required name=search_term_string"}],"inLanguage":"lv"},{"@type":"Organization","@id":"https:\/\/artwallpanel.com\/lv\/#organization","name":"Artwallpanel.com","url":"https:\/\/artwallpanel.com\/lv\/","logo":{"@type":"ImageObject","inLanguage":"lv","@id":"https:\/\/artwallpanel.com\/lv\/#\/schema\/logo\/image\/","url":"https:\/\/artwallpanel.com\/wp-content\/uploads\/2023\/04\/cropped-artwallpanel-logo.jpg","contentUrl":"https:\/\/artwallpanel.com\/wp-content\/uploads\/2023\/04\/cropped-artwallpanel-logo.jpg","width":1125,"height":375,"caption":"Artwallpanel.com"},"image":{"@id":"https:\/\/artwallpanel.com\/lv\/#\/schema\/logo\/image\/"}}]}},"_links":{"self":[{"href":"https:\/\/artwallpanel.com\/lv\/wp-json\/wp\/v2\/pages\/1995"}],"collection":[{"href":"https:\/\/artwallpanel.com\/lv\/wp-json\/wp\/v2\/pages"}],"about":[{"href":"https:\/\/artwallpanel.com\/lv\/wp-json\/wp\/v2\/types\/page"}],"author":[{"embeddable":true,"href":"https:\/\/artwallpanel.com\/lv\/wp-json\/wp\/v2\/users\/1"}],"replies":[{"embeddable":true,"href":"https:\/\/artwallpanel.com\/lv\/wp-json\/wp\/v2\/comments?post=1995"}],"version-history":[{"count":19,"href":"https:\/\/artwallpanel.com\/lv\/wp-json\/wp\/v2\/pages\/1995\/revisions"}],"predecessor-version":[{"id":2834,"href":"https:\/\/artwallpanel.com\/lv\/wp-json\/wp\/v2\/pages\/1995\/revisions\/2834"}],"wp:attachment":[{"href":"https:\/\/artwallpanel.com\/lv\/wp-json\/wp\/v2\/media?parent=1995"}],"curies":[{"name":"wp","href":"https:\/\/api.w.org\/{rel}","templated":true}]}}